{"id":730,"date":"2018-06-20T12:55:05","date_gmt":"2018-06-20T10:55:05","guid":{"rendered":"https:\/\/www.laedomus.it\/?page_id=730"},"modified":"2018-07-13T12:12:37","modified_gmt":"2018-07-13T10:12:37","slug":"home","status":"publish","type":"page","link":"https:\/\/www.laedomus.it\/fr\/","title":{"rendered":"Home"},"content":{"rendered":"<p>[vc_row type=&#8221;full_width_section&#8221; bottom_padding=&#8221;0&#8243; bottom_margin=&#8221;0&#8243;][vc_column css=&#8221;.vc_custom_1497409493959{margin-top: 0px !important;margin-right: 0px !important;margin-bottom: 0px !important;margin-left: 0px !important;border-top-width: 0px !important;border-right-width: 0px !important;border-bottom-width: 0px !important;border-left-width: 0px !important;padding-top: 0px !important;padding-right: 0px !important;padding-bottom: 0px !important;padding-left: 0px !important;}&#8221;][rev_slider_vc alias=&#8221;homepage-slider1-fr&#8221; el_class=&#8221;rev_slider_wrapper-1&#8243;][\/vc_column][\/vc_row][vc_row top_margin=&#8221;30&#8243; bottom_margin=&#8221;20&#8243;][vc_column width=&#8221;1\/2&#8243;]<div class=\"qns-welcome-section\"><h1>Lae Domus<\/h1>\n<div class=\"title-block-1\"><\/div>\n<h3>Appartements et maisons pour les vacances<\/h3>\n<p>Les appartements sont situ\u00e9s dans un ancien b\u00e2timent des ann\u00e9es 1800 et sont tr\u00e8s lumineux, calme et bien meubl\u00e9. A l'int\u00e9rieur des appartements offrent une gamme de services qui rendront votre s\u00e9jour inoubliable.<\/p>\n<p>L \u2018appartement domine le pays, il faut monter 150\/160 marches,parcourir de petits sentiers et enfin on admirera un panorama extraordinaire et on jouira d\u2019 une grande tranquillit\u00e9 .<\/p><a href=\"https:\/\/www.laedomus.it\/fr\/la-location\/\" class=\"button0\">D\u00e9tails <i class=\"fa fa-angle-right\"><\/i><\/a><\/div>[\/vc_column][vc_column width=&#8221;1\/2&#8243;][vc_empty_space height=&#8221;50px&#8221;]\n<div id=\"rev_slider_2_1_wrapper\" class=\"rev_slider_wrapper fullwidthbanner-container\" data-source=\"gallery\" style=\"margin:0px auto;background:transparent;padding:0px;margin-top:0px;margin-bottom:0px;\">\n<!-- START REVOLUTION SLIDER 5.4.7.2 auto mode -->\n\t<div id=\"rev_slider_2_1\" class=\"rev_slider fullwidthabanner\" style=\"display:none;\" data-version=\"5.4.7.2\">\n<ul>\t<!-- SLIDE  -->\n\t<li data-index=\"rs-3\" data-transition=\"fade\" data-slotamount=\"default\" data-hideafterloop=\"0\" data-hideslideonmobile=\"off\"  data-easein=\"default\" data-easeout=\"default\" data-masterspeed=\"default\"  data-thumb=\"https:\/\/www.laedomus.it\/wp-content\/uploads\/2017\/08\/app2-100x50.jpg\"  data-rotate=\"0\"  data-saveperformance=\"off\"  data-title=\"Slide\" data-param1=\"\" data-param2=\"\" data-param3=\"\" data-param4=\"\" data-param5=\"\" data-param6=\"\" data-param7=\"\" data-param8=\"\" data-param9=\"\" data-param10=\"\" data-description=\"\">\n\t\t<!-- MAIN IMAGE -->\n\t\t<img decoding=\"async\" src=\"https:\/\/www.laedomus.it\/wp-content\/plugins\/revslider\/admin\/assets\/images\/dummy.png\"  alt=\"\" title=\"app2\"  width=\"600\" height=\"370\" data-lazyload=\"https:\/\/www.laedomus.it\/wp-content\/uploads\/2017\/08\/app2.jpg\" data-bgposition=\"center center\" data-bgfit=\"cover\" data-bgrepeat=\"no-repeat\" data-bgparallax=\"off\" class=\"rev-slidebg\" data-no-retina>\n\t\t<!-- LAYERS -->\n\t<\/li>\n\t<!-- SLIDE  -->\n\t<li data-index=\"rs-4\" data-transition=\"fade\" data-slotamount=\"default\" data-hideafterloop=\"0\" data-hideslideonmobile=\"off\"  data-easein=\"default\" data-easeout=\"default\" data-masterspeed=\"300\"  data-thumb=\"https:\/\/www.laedomus.it\/wp-content\/uploads\/2017\/08\/app1-100x50.jpg\"  data-rotate=\"0\"  data-saveperformance=\"off\"  data-title=\"Slide\" data-param1=\"\" data-param2=\"\" data-param3=\"\" data-param4=\"\" data-param5=\"\" data-param6=\"\" data-param7=\"\" data-param8=\"\" data-param9=\"\" data-param10=\"\" data-description=\"\">\n\t\t<!-- MAIN IMAGE -->\n\t\t<img decoding=\"async\" src=\"https:\/\/www.laedomus.it\/wp-content\/plugins\/revslider\/admin\/assets\/images\/dummy.png\"  alt=\"\" title=\"app1\"  width=\"600\" height=\"370\" data-lazyload=\"https:\/\/www.laedomus.it\/wp-content\/uploads\/2017\/08\/app1.jpg\" data-bgposition=\"center center\" data-bgfit=\"cover\" data-bgrepeat=\"no-repeat\" data-bgparallax=\"off\" class=\"rev-slidebg\" data-no-retina>\n\t\t<!-- LAYERS -->\n\t<\/li>\n<\/ul>\n<script>var htmlDiv = document.getElementById(\"rs-plugin-settings-inline-css\"); var htmlDivCss=\"\";\r\n\t\t\t\t\t\tif(htmlDiv) {\r\n\t\t\t\t\t\t\thtmlDiv.innerHTML = htmlDiv.innerHTML + htmlDivCss;\r\n\t\t\t\t\t\t}else{\r\n\t\t\t\t\t\t\tvar htmlDiv = document.createElement(\"div\");\r\n\t\t\t\t\t\t\thtmlDiv.innerHTML = \"<style>\" + htmlDivCss + \"<\/style>\";\r\n\t\t\t\t\t\t\tdocument.getElementsByTagName(\"head\")[0].appendChild(htmlDiv.childNodes[0]);\r\n\t\t\t\t\t\t}\r\n\t\t\t\t\t<\/script>\n<div class=\"tp-bannertimer\" style=\"height: 5px; background: rgba(255,255,255,0.25);\"><\/div>\t<\/div>\n<script>var htmlDiv = document.getElementById(\"rs-plugin-settings-inline-css\"); var htmlDivCss=\"\";\r\n\t\t\t\tif(htmlDiv) {\r\n\t\t\t\t\thtmlDiv.innerHTML = htmlDiv.innerHTML + htmlDivCss;\r\n\t\t\t\t}else{\r\n\t\t\t\t\tvar htmlDiv = document.createElement(\"div\");\r\n\t\t\t\t\thtmlDiv.innerHTML = \"<style>\" + htmlDivCss + \"<\/style>\";\r\n\t\t\t\t\tdocument.getElementsByTagName(\"head\")[0].appendChild(htmlDiv.childNodes[0]);\r\n\t\t\t\t}\r\n\t\t\t<\/script>\n\t\t<script type=\"text\/javascript\">\r\nif (setREVStartSize!==undefined) setREVStartSize(\r\n\t{c: '#rev_slider_2_1', responsiveLevels: [1240,1024,778,480], gridwidth: [1080,1150,1150,1150], gridheight: [650,750,700,600], sliderLayout: 'auto'});\r\n\t\t\t\r\nvar revapi2,\r\n\ttpj;\t\r\n(function() {\t\t\t\r\n\tif (!\/loaded|interactive|complete\/.test(document.readyState)) document.addEventListener(\"DOMContentLoaded\",onLoad); else onLoad();\t\r\n\tfunction onLoad() {\t\t\t\t\r\n\t\tif (tpj===undefined) { tpj = jQuery; if(\"off\" == \"on\") tpj.noConflict();}\r\n\tif(tpj(\"#rev_slider_2_1\").revolution == undefined){\n\t\trevslider_showDoubleJqueryError(\"#rev_slider_2_1\");\n\t}else{\n\t\trevapi2 = tpj(\"#rev_slider_2_1\").show().revolution({\n\t\t\tsliderType:\"standard\",\n\t\t\tjsFileLocation:\"\/\/www.laedomus.it\/wp-content\/plugins\/revslider\/public\/assets\/js\/\",\n\t\t\tsliderLayout:\"auto\",\n\t\t\tdottedOverlay:\"none\",\n\t\t\tdelay:2000,\n\t\t\tnavigation: {\n\t\t\t\tkeyboardNavigation:\"off\",\n\t\t\t\tkeyboard_direction: \"horizontal\",\n\t\t\t\tmouseScrollNavigation:\"off\",\n \t\t\t\t\t\t\tmouseScrollReverse:\"default\",\n\t\t\t\tonHoverStop:\"off\",\n\t\t\t\ttouch:{\n\t\t\t\t\ttouchenabled:\"on\",\n\t\t\t\t\ttouchOnDesktop:\"off\",\n\t\t\t\t\tswipe_threshold: 75,\n\t\t\t\t\tswipe_min_touches: 50,\n\t\t\t\t\tswipe_direction: \"horizontal\",\n\t\t\t\t\tdrag_block_vertical: false\n\t\t\t\t}\n\t\t\t\t,\n\t\t\t\tarrows: {\n\t\t\t\t\tstyle:\"uranus\",\n\t\t\t\t\tenable:true,\n\t\t\t\t\thide_onmobile:false,\n\t\t\t\t\thide_onleave:false,\n\t\t\t\t\ttmp:'',\n\t\t\t\t\tleft: {\n\t\t\t\t\t\th_align:\"left\",\n\t\t\t\t\t\tv_align:\"center\",\n\t\t\t\t\t\th_offset:30,\n\t\t\t\t\t\tv_offset:0\n\t\t\t\t\t},\n\t\t\t\t\tright: {\n\t\t\t\t\t\th_align:\"right\",\n\t\t\t\t\t\tv_align:\"center\",\n\t\t\t\t\t\th_offset:30,\n\t\t\t\t\t\tv_offset:0\n\t\t\t\t\t}\n\t\t\t\t}\n\t\t\t},\n\t\t\tresponsiveLevels:[1240,1024,778,480],\n\t\t\tvisibilityLevels:[1240,1024,778,480],\n\t\t\tgridwidth:[1080,1150,1150,1150],\n\t\t\tgridheight:[650,750,700,600],\n\t\t\tlazyType:\"smart\",\n\t\t\tparallax: {\n\t\t\t\ttype:\"mouse\",\n\t\t\t\torigo:\"slidercenter\",\n\t\t\t\tspeed:2000,\n\t\t\t\tspeedbg:0,\n\t\t\t\tspeedls:0,\n\t\t\t\tlevels:[2,3,4,5,6,7,12,16,10,50,47,48,49,50,51,55],\n\t\t\t},\n\t\t\tshadow:0,\n\t\t\tspinner:\"spinner5\",\n\t\t\tstopLoop:\"off\",\n\t\t\tstopAfterLoops:-1,\n\t\t\tstopAtSlide:-1,\n\t\t\tshuffle:\"off\",\n\t\t\tautoHeight:\"on\",\n\t\t\thideThumbsOnMobile:\"off\",\n\t\t\thideSliderAtLimit:0,\n\t\t\thideCaptionAtLimit:0,\n\t\t\thideAllCaptionAtLilmit:0,\n\t\t\tdebugMode:false,\n\t\t\tfallbacks: {\n\t\t\t\tsimplifyAll:\"off\",\n\t\t\t\tnextSlideOnWindowFocus:\"off\",\n\t\t\t\tdisableFocusListener:true,\n\t\t\t}\n\t\t});\n\t}; \/* END OF revapi call *\/\n\t\n }; \/* END OF ON LOAD FUNCTION *\/\r\n}()); \/* END OF WRAPPING FUNCTION *\/\r\n<\/script>\r\n\t\t<script>\r\n\t\t\t\t\tvar htmlDivCss = unescape(\"%23rev_slider_2_1%20.uranus.tparrows%20%7B%0A%20%20width%3A50px%3B%0A%20%20height%3A50px%3B%0A%20%20background%3Argba%28255%2C255%2C255%2C0%29%3B%0A%20%7D%0A%20%23rev_slider_2_1%20.uranus.tparrows%3Abefore%20%7B%0A%20width%3A50px%3B%0A%20height%3A50px%3B%0A%20line-height%3A50px%3B%0A%20font-size%3A40px%3B%0A%20transition%3Aall%200.3s%3B%0A-webkit-transition%3Aall%200.3s%3B%0A%20%7D%0A%20%0A%20%20%23rev_slider_2_1%20.uranus.tparrows%3Ahover%3Abefore%20%7B%0A%20%20%20%20opacity%3A0.75%3B%0A%20%20%7D%0A\");\r\n\t\t\t\t\tvar htmlDiv = document.getElementById('rs-plugin-settings-inline-css');\r\n\t\t\t\t\tif(htmlDiv) {\r\n\t\t\t\t\t\thtmlDiv.innerHTML = htmlDiv.innerHTML + htmlDivCss;\r\n\t\t\t\t\t}\r\n\t\t\t\t\telse{\r\n\t\t\t\t\t\tvar htmlDiv = document.createElement('div');\r\n\t\t\t\t\t\thtmlDiv.innerHTML = '<style>' + htmlDivCss + '<\/style>';\r\n\t\t\t\t\t\tdocument.getElementsByTagName('head')[0].appendChild(htmlDiv.childNodes[0]);\r\n\t\t\t\t\t}\r\n\t\t\t\t  <\/script>\r\n\t\t\t\t<\/div><!-- END REVOLUTION SLIDER -->[\/vc_column][\/vc_row][vc_row][vc_column css=&#8221;.vc_custom_1497419129858{margin-right: 0px !important;margin-left: 0px !important;border-right-width: 0px !important;border-left-width: 0px !important;padding-right: 0px !important;padding-left: 0px !important;}&#8221;]<div class=\"qns-welcome-section\"><h1>Appartements<\/h1>\n<div class=\"title-block-1\"><\/div>\n<h3><\/h3>\n<p>On dispose de linge de lit et linge de toilette.<br \/>\nDans les appartements on trouve: Wi-Fi, TV, air conditionn\u00e9, r\u00e9frig\u00e9rateur, s\u00e8che-cheveux, fer et table \u00e0 repasser, four \u00e0 micro-ondes.<\/p><a href=\"https:\/\/www.laedomus.it\/fr\/appartements\" class=\"button0\">Voir tous les appartements <i class=\"fa fa-angle-right\"><\/i><\/a><\/div>\t\t\n\t\t\t\t\n\t\t\n\t\t\t\t\t\n\t\t\t<!-- BEGIN .rooms-block-wrapper -->\n\t\t\t<div class=\"rooms-block-wrapper room-2-cols clearfix\">\n\t\t\t\n\t\t\t\t\n\t\t\t\t\t\n\t\t\t\t\t\t\n\t\t\t\t<!-- BEGIN .rooms-block -->\n\t\t\t\t<div class=\"rooms-block\">\n\n\t\t\t\t\t<div class=\"rooms-block-image\">\n\t\t\t\t\t\t\n\t\t\t\t\t\t\t<a href=\"https:\/\/www.laedomus.it\/fr\/accommodation\/mandorlo\/\" rel=\"bookmark\" title=\"Mandorlo\">\n\n\t\t\t\t\t\t\t\t\t\t\t\t\t\t\t\t\t\t\t\t\t\t\t\t\t\n\t\t\t\t\t\t\t\t<img decoding=\"async\" src=\"https:\/\/www.laedomus.it\/wp-content\/uploads\/2017\/08\/app1.jpg\" alt=\"\" \/>\t\t\t\t\t\t\t<\/a>\n\n\t\t\t\t\t\t\t\t\t\t\t<\/div>\n\n\t\t\t\t\t<div class=\"rooms-block-content\">\n\t\t\t\t\t\t<h4><a href=\"https:\/\/www.laedomus.it\/fr\/accommodation\/mandorlo\/\" rel=\"bookmark\" title=\"Mandorlo\">Mandorlo<\/a><\/h4>\n\t\t\t\t\t\t<div class=\"title-block-2\"><\/div>\n\t\t\t\t\t\t\n\t\t\t\t\t\t\t\t\t\t\t\t\n\t\t\t\t\t\t<div><p>Appartement sur deux \u00e9tages,deux chambres \u00e0 coucher, belle vue donnant  sur la mer et sur la colline.<\/p><\/div>\r\n<ul class=\"list-style4\"><li><span>Capacit\u00e9:<\/span> 4 Personnes<\/li><li><span>Chambre 1:<\/span> 1 lit \u00e0 deux places<\/li><li><span>Chambre 2:<\/span> 1 grand lit<\/li><li>Disponibilit\u00e9 de berceau sur demande<\/li><\/ul><br \/><br \/><ul class=\"list-style4\"><li><span>Wifi:<\/span> Inclus<\/li><li><span>Vue:<\/span>  Mer\/Colline.<\/li><\/ul><div class=\"clearboth\"><\/div>\t\t\t\t\t\t<a href=\"https:\/\/www.laedomus.it\/fr\/accommodation\/mandorlo\/\" class=\"view-details-button\">Afficher les d\u00e9tails  <i class=\"fa fa-angle-right\"><\/i><\/a>\n\t\t\t\t\t<\/div>\n\t\t\t\t<!-- END .rooms-block -->\n\t\t\t\t<\/div>\n\t\t\t\t\n\t\t\t\t\t\t\n\t\t\t\t\t\n\t\t\t\t\t\t\n\t\t\t\t<!-- BEGIN .rooms-block -->\n\t\t\t\t<div class=\"rooms-block\">\n\n\t\t\t\t\t<div class=\"rooms-block-image\">\n\t\t\t\t\t\t\n\t\t\t\t\t\t\t<a href=\"https:\/\/www.laedomus.it\/fr\/accommodation\/tulipano\/\" rel=\"bookmark\" title=\"Tulipano\">\n\n\t\t\t\t\t\t\t\t\t\t\t\t\t\t\t\t\t\t\t\t\t\t\t\t\t\n\t\t\t\t\t\t\t\t<img decoding=\"async\" src=\"https:\/\/www.laedomus.it\/wp-content\/uploads\/2017\/08\/tulipano-featured.jpg\" alt=\"\" \/>\t\t\t\t\t\t\t<\/a>\n\n\t\t\t\t\t\t\t\t\t\t\t<\/div>\n\n\t\t\t\t\t<div class=\"rooms-block-content\">\n\t\t\t\t\t\t<h4><a href=\"https:\/\/www.laedomus.it\/fr\/accommodation\/tulipano\/\" rel=\"bookmark\" title=\"Tulipano\">Tulipano<\/a><\/h4>\n\t\t\t\t\t\t<div class=\"title-block-2\"><\/div>\n\t\t\t\t\t\t\n\t\t\t\t\t\t\t\t\t\t\t\t\n\t\t\t\t\t\t<div><p>Appartement sur deux niveaux,deux chambres avec un grand lit,vue mer,s\u00e9jour avec canap\u00e9-lit.<\/p><\/div>\r\n<ul class=\"list-style4\"><li><span>Capacit\u00e9:<\/span> 4 Personnes<\/li><li><span>Chambre 1:<\/span> 1 lit \u00e0 deux places<\/li><li><span>Chambre 2:<\/span> 1 grand lit<\/li><li><span>S\u00e9jour: <\/span>1 canap\u00e9-lit<\/li><li>Disponibilit\u00e9 de berceau sur demande<\/li><\/ul><ul class=\"list-style4\"><li><span>Wifi:<\/span> Inclus<\/li><li><span>Veu:<\/span> Mer<\/li><\/ul><div class=\"clearboth\"><\/div>\t\t\t\t\t\t<a href=\"https:\/\/www.laedomus.it\/fr\/accommodation\/tulipano\/\" class=\"view-details-button\">Afficher les d\u00e9tails  <i class=\"fa fa-angle-right\"><\/i><\/a>\n\t\t\t\t\t<\/div>\n\t\t\t\t<!-- END .rooms-block -->\n\t\t\t\t<\/div>\n\t\t\t\t\n\t\t\t\t\t\t\n\t\t\t\t\n\t\t<!-- BEGIN .rooms-block-wrapper -->\n\t\t<\/div>\n\t\t\n\t\t\t\t\n\t\t\t\t\n\t\t\t\t\n\t\t[\/vc_column][\/vc_row][vc_row][vc_column width=&#8221;1\/2&#8243; css=&#8221;.vc_custom_1503896034143{margin-bottom: 40px !important;}&#8221;]<div class=\"qns-welcome-section\"><h1>La Location<\/h1>\n<div class=\"title-block-1\"><\/div>\n<h3>Atrani - le bourg plus beau d\u2019Italie<\/h3>\n<p>Atrani ,petit bourg de la cote amalfitaine est un des plus beaux bourgs d \u2018Italie. Il est situ\u00e9 au centre de la cote, la distance Atrani - Amalfi est seulement de 500 m\u00e8tres qu\u2019on peut parcourir \u00e0 pieds. Dans le bourg d\u2019Atrani est situ\u00e9 Lae Domus.<\/p><\/div>[\/vc_column][vc_column width=&#8221;1\/2&#8243;]<h3 class=\"center-title\">O\u00f9 on se trouve<\/h3><div class=\"title-block-1\"><\/div>\t\n\t\t\n\t\t\n\t<!-- BEGIN #google-map -->\n\t<div id=\"google-map-1\" style=\"width: 100%;height: 350px;\"><\/div>\n\n\t<script type=\"text\/javascript\">\n\n\t\tfunction initialize() {\n\n\t\t\t\/\/ Set Location\n\t\t\tvar myLatlng = new google.maps.LatLng(40.637330,14.608528);\n\n\t\t\t\/\/ Set Style\n\t\t\tvar styles = [\n\t\t\t    {\n\t\t\t      stylers: [\n\t\t\t        { hue: \"#95c8dd\" },\n\t\t\t        { saturation: -50 }\n\t\t\t      ]\n\t\t\t    },{\n\t\t\t      featureType: \"road\",\n\t\t\t      elementType: \"geometry\",\n\t\t\t      stylers: [\n\t\t\t        { lightness: 100 },\n\t\t\t        { visibility: \"simplified\" }\n\t\t\t      ]\n\t\t\t    },{\n\t\t\t      featureType: \"road\",\n\t\t\t      elementType: \"labels\",\n\t\t\t      stylers: [\n\t\t\t        { visibility: \"off\" }\n\t\t\t      ]\n\t\t\t    }\n\t\t\t  ];\n\n\t\t\t\/\/ Set Map Options\n\t\t\tvar mapOptions = {\n\t\t\t\tmapTypeControlOptions: {\n\t\t\t\t\tmapTypeIds: ['Styled']\n\t\t\t\t},\n\t\t\t\tcenter: myLatlng,\n\t\t\t\tzoom: 16,\n\t\t\t\tmapTypeId: 'Styled',\n\t\t\t\tscrollwheel: false,\n\t\t\t\tscaleControl: false,\n\t\t\t\tdisableDefaultUI: false\n\t\t\t};\n\n\t\t\t\/\/ Build Map\n\t\t\tvar map = new google.maps.Map(document.getElementById('google-map-1'), mapOptions);\n\t\t\tvar styledMapType = new google.maps.StyledMapType(styles, { name: 'Styled' });\n\t\t\tmap.mapTypes.set('Styled', styledMapType);\n\n\t\t\t\/\/ Set Map Marker\n\t\t\tvar contentString = 'Lae Domus';\n\t\t\tvar infowindow = new google.maps.InfoWindow({\n\t\t\t\tcontent: contentString\n\t\t\t});\n\t\t\tvar marker = new google.maps.Marker({\n\t\t\t\tposition: myLatlng,\n\t\t\t\tmap: map,\n\t\t\t\ttitle: 'Map Marker 1',\n\t\t\t\ticon: {\n\t\t\t\t        path: fontawesome.markers.MAP_MARKER,\n\t\t\t\t        scale: 0.8,\n\t\t\t\t        strokeWeight: 0,\n\t\t\t\t        strokeColor: 'black',\n\t\t\t\t        strokeOpacity: 1,\n\t\t\t\t        fillColor: '#95c8dd',\n\t\t\t\t        fillOpacity: 1,\n\t\t\t\t    },\n\t\t\t});\n\n\t\t\t\/\/ Display Map Marker\n\t\t\tgoogle.maps.event.addListener(marker, 'click', function() {\n\t\t\t\tinfowindow.open(map,marker);\n\t\t\t});\n\n\t\t}\n\n\t\t\/\/ Display Map\n\t\tgoogle.maps.event.addDomListener(window, 'load', initialize);\n\n\t<\/script>\n\t\n\t\n\t[\/vc_column][\/vc_row][vc_row type=&#8221;full_width_section&#8221;][vc_column css=&#8221;.vc_custom_1523370757626{margin-right: 0px !important;margin-left: 0px !important;border-right-width: 0px !important;border-left-width: 0px !important;padding-right: 0px !important;padding-left: 0px !important;}&#8221; el_class=&#8221;slogan&#8221; el_id=&#8221;slogan-contatti&#8221;]<!-- BEGIN .call-to-action-2-section -->\n\t\t\t<section class=\"clearfix call-to-action-2-section\" style=\"background:url(https:\/\/www.laedomus.it\/wp-content\/uploads\/2018\/04\/laedomus-slide-4.jpg) no-repeat center top;\">\n\n\t\t\t\t<div class=\"call-to-action-2-section-inner\">\n\n\t\t\t\t\t<h3>Demandez la disponibilit\u00e9 et r\u00e9servez vos vacances sur la C\u00f4te Amalfitaine<\/h3>\n\t\t\t\t\t<div class=\"title-block-4\"><\/div>\n\t\t\t\t\t<p><\/p>\n\t\t\t\t\t<a href=\"https:\/\/www.laedomus.it\/fr\/contactez-nous\" class=\"button0\">Contactez-nous<i class=\"fa fa-angle-right\"><\/i><\/a>\n\n\t\t\t\t<\/div>\n\n\t\t\t<!-- END .call-to-action-2-section -->\n\t\t\t<\/section>[\/vc_column][\/vc_row]<\/p>\n","protected":false},"excerpt":{"rendered":"<p>[vc_row type=&#8221;full_width_section&#8221; bottom_padding=&#8221;0&#8243; bottom_margin=&#8221;0&#8243;][vc_column css=&#8221;.vc_custom_1497409493959{margin-top: 0px !important;margin-right: 0px !important;margin-bottom: 0px !important;margin-left: 0px !important;border-top-width: 0px !important;border-right-width: 0px !important;border-bottom-width: 0px !important;border-left-width: 0px !important;padding-top: 0px !important;padding-right: 0px !important;padding-bottom: 0px !important;padding-left: 0px !important;}&#8221;][rev_slider_vc alias=&#8221;homepage-slider1-fr&#8221; el_class=&#8221;rev_slider_wrapper-1&#8243;][\/vc_column][\/vc_row][vc_row top_margin=&#8221;30&#8243; bottom_margin=&#8221;20&#8243;][vc_column width=&#8221;1\/2&#8243;][\/vc_column][vc_column width=&#8221;1\/2&#8243;][vc_empty_space height=&#8221;50px&#8221;][\/vc_column][\/vc_row][vc_row][vc_column css=&#8221;.vc_custom_1497419129858{margin-right: 0px !important;margin-left: 0px !important;border-right-width: 0px !important;border-left-width: 0px !important;padding-right: 0px !important;padding-left: 0px !important;}&#8221;][\/vc_column][\/vc_row][vc_row][vc_column width=&#8221;1\/2&#8243; css=&#8221;.vc_custom_1503896034143{margin-bottom: 40px !important;}&#8221;][\/vc_column][vc_column width=&#8221;1\/2&#8243;][\/vc_column][\/vc_row][vc_row type=&#8221;full_width_section&#8221;][vc_column<\/p>\n<a href=\"https:\/\/www.laedomus.it\/fr\/accommodation\/tulipano\/\" class=\"more-link\">Read More<\/a>","protected":false},"author":1,"featured_media":0,"parent":0,"menu_order":0,"comment_status":"closed","ping_status":"closed","template":"","meta":{"footnotes":""},"class_list":["post-730","page","type-page","status-publish","hentry"],"yoast_head":"<!-- This site is optimized with the Yoast SEO plugin v26.8 - https:\/\/yoast.com\/product\/yoast-seo-wordpress\/ -->\n<title>Lae Domus - Appartements et maisons pour les vacances sur la C\u00f4te Amalfitaine<\/title>\n<meta name=\"description\" content=\"Appartements et maisons de vacances \u00e0 Atrani, un village sur la C\u00f4te Amalfitaine, l&#039;un des plus beaux d&#039;Italie. Tout le confort pour rendre votre s\u00e9jour inoubliable.\" \/>\n<meta name=\"robots\" content=\"index, follow, max-snippet:-1, max-image-preview:large, max-video-preview:-1\" \/>\n<link rel=\"canonical\" href=\"https:\/\/www.laedomus.it\/fr\/\" \/>\n<meta property=\"og:locale\" content=\"fr_FR\" \/>\n<meta property=\"og:type\" content=\"article\" \/>\n<meta property=\"og:title\" content=\"Lae Domus - Appartements et maisons pour les vacances sur la C\u00f4te Amalfitaine\" \/>\n<meta property=\"og:description\" content=\"Appartements et maisons de vacances \u00e0 Atrani, un village sur la C\u00f4te Amalfitaine, l&#039;un des plus beaux d&#039;Italie. Tout le confort pour rendre votre s\u00e9jour inoubliable.\" \/>\n<meta property=\"og:url\" content=\"https:\/\/www.laedomus.it\/fr\/\" \/>\n<meta property=\"og:site_name\" content=\"Lae Domus - Appartamenti e case vacanze in Costiera Amalfitana\" \/>\n<meta property=\"article:modified_time\" content=\"2018-07-13T10:12:37+00:00\" \/>\n<meta name=\"twitter:card\" content=\"summary_large_image\" \/>\n<meta name=\"twitter:label1\" content=\"Dur\u00e9e de lecture estim\u00e9e\" \/>\n\t<meta name=\"twitter:data1\" content=\"2 minutes\" \/>\n<script type=\"application\/ld+json\" class=\"yoast-schema-graph\">{\"@context\":\"https:\/\/schema.org\",\"@graph\":[{\"@type\":\"WebPage\",\"@id\":\"https:\/\/www.laedomus.it\/fr\/\",\"url\":\"https:\/\/www.laedomus.it\/fr\/\",\"name\":\"Lae Domus - Appartements et maisons pour les vacances sur la C\u00f4te Amalfitaine\",\"isPartOf\":{\"@id\":\"https:\/\/www.laedomus.it\/#website\"},\"datePublished\":\"2018-06-20T10:55:05+00:00\",\"dateModified\":\"2018-07-13T10:12:37+00:00\",\"description\":\"Appartements et maisons de vacances \u00e0 Atrani, un village sur la C\u00f4te Amalfitaine, l'un des plus beaux d'Italie. Tout le confort pour rendre votre s\u00e9jour inoubliable.\",\"breadcrumb\":{\"@id\":\"https:\/\/www.laedomus.it\/fr\/#breadcrumb\"},\"inLanguage\":\"fr-FR\",\"potentialAction\":[{\"@type\":\"ReadAction\",\"target\":[\"https:\/\/www.laedomus.it\/fr\/\"]}]},{\"@type\":\"BreadcrumbList\",\"@id\":\"https:\/\/www.laedomus.it\/fr\/#breadcrumb\",\"itemListElement\":[{\"@type\":\"ListItem\",\"position\":1,\"name\":\"Home\",\"item\":\"https:\/\/www.laedomus.it\/fr\/\"},{\"@type\":\"ListItem\",\"position\":2,\"name\":\"Home\"}]},{\"@type\":\"WebSite\",\"@id\":\"https:\/\/www.laedomus.it\/#website\",\"url\":\"https:\/\/www.laedomus.it\/\",\"name\":\"Lae Domus - Appartamenti e case vacanze in Costiera Amalfitana\",\"description\":\"Un nuovo sito targato WordPress\",\"publisher\":{\"@id\":\"https:\/\/www.laedomus.it\/#organization\"},\"potentialAction\":[{\"@type\":\"SearchAction\",\"target\":{\"@type\":\"EntryPoint\",\"urlTemplate\":\"https:\/\/www.laedomus.it\/?s={search_term_string}\"},\"query-input\":{\"@type\":\"PropertyValueSpecification\",\"valueRequired\":true,\"valueName\":\"search_term_string\"}}],\"inLanguage\":\"fr-FR\"},{\"@type\":\"Organization\",\"@id\":\"https:\/\/www.laedomus.it\/#organization\",\"name\":\"Lae Domus Casa Vacanze\",\"url\":\"https:\/\/www.laedomus.it\/\",\"logo\":{\"@type\":\"ImageObject\",\"inLanguage\":\"fr-FR\",\"@id\":\"https:\/\/www.laedomus.it\/#\/schema\/logo\/image\/\",\"url\":\"https:\/\/www.laedomus.it\/wp-content\/uploads\/2018\/04\/lae-domus-logo-standard.png\",\"contentUrl\":\"https:\/\/www.laedomus.it\/wp-content\/uploads\/2018\/04\/lae-domus-logo-standard.png\",\"width\":230,\"height\":37,\"caption\":\"Lae Domus Casa Vacanze\"},\"image\":{\"@id\":\"https:\/\/www.laedomus.it\/#\/schema\/logo\/image\/\"}}]}<\/script>\n<!-- \/ Yoast SEO plugin. -->","yoast_head_json":{"title":"Lae Domus - Appartements et maisons pour les vacances sur la C\u00f4te Amalfitaine","description":"Appartements et maisons de vacances \u00e0 Atrani, un village sur la C\u00f4te Amalfitaine, l'un des plus beaux d'Italie. Tout le confort pour rendre votre s\u00e9jour inoubliable.","robots":{"index":"index","follow":"follow","max-snippet":"max-snippet:-1","max-image-preview":"max-image-preview:large","max-video-preview":"max-video-preview:-1"},"canonical":"https:\/\/www.laedomus.it\/fr\/","og_locale":"fr_FR","og_type":"article","og_title":"Lae Domus - Appartements et maisons pour les vacances sur la C\u00f4te Amalfitaine","og_description":"Appartements et maisons de vacances \u00e0 Atrani, un village sur la C\u00f4te Amalfitaine, l'un des plus beaux d'Italie. Tout le confort pour rendre votre s\u00e9jour inoubliable.","og_url":"https:\/\/www.laedomus.it\/fr\/","og_site_name":"Lae Domus - Appartamenti e case vacanze in Costiera Amalfitana","article_modified_time":"2018-07-13T10:12:37+00:00","twitter_card":"summary_large_image","twitter_misc":{"Dur\u00e9e de lecture estim\u00e9e":"2 minutes"},"schema":{"@context":"https:\/\/schema.org","@graph":[{"@type":"WebPage","@id":"https:\/\/www.laedomus.it\/fr\/","url":"https:\/\/www.laedomus.it\/fr\/","name":"Lae Domus - Appartements et maisons pour les vacances sur la C\u00f4te Amalfitaine","isPartOf":{"@id":"https:\/\/www.laedomus.it\/#website"},"datePublished":"2018-06-20T10:55:05+00:00","dateModified":"2018-07-13T10:12:37+00:00","description":"Appartements et maisons de vacances \u00e0 Atrani, un village sur la C\u00f4te Amalfitaine, l'un des plus beaux d'Italie. Tout le confort pour rendre votre s\u00e9jour inoubliable.","breadcrumb":{"@id":"https:\/\/www.laedomus.it\/fr\/#breadcrumb"},"inLanguage":"fr-FR","potentialAction":[{"@type":"ReadAction","target":["https:\/\/www.laedomus.it\/fr\/"]}]},{"@type":"BreadcrumbList","@id":"https:\/\/www.laedomus.it\/fr\/#breadcrumb","itemListElement":[{"@type":"ListItem","position":1,"name":"Home","item":"https:\/\/www.laedomus.it\/fr\/"},{"@type":"ListItem","position":2,"name":"Home"}]},{"@type":"WebSite","@id":"https:\/\/www.laedomus.it\/#website","url":"https:\/\/www.laedomus.it\/","name":"Lae Domus - Appartamenti e case vacanze in Costiera Amalfitana","description":"Un nuovo sito targato WordPress","publisher":{"@id":"https:\/\/www.laedomus.it\/#organization"},"potentialAction":[{"@type":"SearchAction","target":{"@type":"EntryPoint","urlTemplate":"https:\/\/www.laedomus.it\/?s={search_term_string}"},"query-input":{"@type":"PropertyValueSpecification","valueRequired":true,"valueName":"search_term_string"}}],"inLanguage":"fr-FR"},{"@type":"Organization","@id":"https:\/\/www.laedomus.it\/#organization","name":"Lae Domus Casa Vacanze","url":"https:\/\/www.laedomus.it\/","logo":{"@type":"ImageObject","inLanguage":"fr-FR","@id":"https:\/\/www.laedomus.it\/#\/schema\/logo\/image\/","url":"https:\/\/www.laedomus.it\/wp-content\/uploads\/2018\/04\/lae-domus-logo-standard.png","contentUrl":"https:\/\/www.laedomus.it\/wp-content\/uploads\/2018\/04\/lae-domus-logo-standard.png","width":230,"height":37,"caption":"Lae Domus Casa Vacanze"},"image":{"@id":"https:\/\/www.laedomus.it\/#\/schema\/logo\/image\/"}}]}},"_links":{"self":[{"href":"https:\/\/www.laedomus.it\/fr\/wp-json\/wp\/v2\/pages\/730","targetHints":{"allow":["GET"]}}],"collection":[{"href":"https:\/\/www.laedomus.it\/fr\/wp-json\/wp\/v2\/pages"}],"about":[{"href":"https:\/\/www.laedomus.it\/fr\/wp-json\/wp\/v2\/types\/page"}],"author":[{"embeddable":true,"href":"https:\/\/www.laedomus.it\/fr\/wp-json\/wp\/v2\/users\/1"}],"replies":[{"embeddable":true,"href":"https:\/\/www.laedomus.it\/fr\/wp-json\/wp\/v2\/comments?post=730"}],"version-history":[{"count":0,"href":"https:\/\/www.laedomus.it\/fr\/wp-json\/wp\/v2\/pages\/730\/revisions"}],"wp:attachment":[{"href":"https:\/\/www.laedomus.it\/fr\/wp-json\/wp\/v2\/media?parent=730"}],"curies":[{"name":"wp","href":"https:\/\/api.w.org\/{rel}","templated":true}]}}